{"id":34,"date":"2023-09-10T14:19:23","date_gmt":"2023-09-10T14:19:23","guid":{"rendered":"https:\/\/needconsulting-dz.com\/?page_id=34"},"modified":"2024-03-12T21:13:28","modified_gmt":"2024-03-12T21:13:28","slug":"need-conseil-audit","status":"publish","type":"page","link":"https:\/\/needconsulting-dz.com\/index.php\/need-conseil-audit\/","title":{"rendered":"Cr\u00e9ation de Sites Web et d&rsquo;H\u00e9bergement Web"},"content":{"rendered":"\n<p>Sites Web et d&rsquo;H\u00e9bergement Web<\/p>\n\n\n\n<ol class=\"wp-block-list\">\n<li><strong>Conception de Sites Web Professionnels <\/strong>: Nous cr\u00e9ons des sites web personnalis\u00e9s pour r\u00e9pondre \u00e0 vos besoins, en mettant l&rsquo;accent sur le design, la convivialit\u00e9, la performance et la s\u00e9curit\u00e9.<\/li>\n\n\n\n<li><strong>D\u00e9veloppement Web Avanc\u00e9 <\/strong>: Notre \u00e9quipe de d\u00e9veloppeurs web exp\u00e9riment\u00e9s est capable de mettre en place des fonctionnalit\u00e9s avanc\u00e9es, telles que des boutiques en ligne, des syst\u00e8mes de gestion de contenu (CMS), des portails clients, et bien plus encore.<\/li>\n\n\n\n<li><strong>H\u00e9bergement Web Fiable <\/strong>: Nous proposons une gamme d&rsquo;options d&rsquo;h\u00e9bergement web adapt\u00e9es \u00e0 vos besoins,<br>garantissant une disponibilit\u00e9 \u00e9lev\u00e9e, des performances optimales et une s\u00e9curit\u00e9 renforc\u00e9e.<\/li>\n\n\n\n<li><strong>S\u00e9curit\u00e9 Web<\/strong> : Nous int\u00e9grons des mesures de s\u00e9curit\u00e9 avanc\u00e9es pour prot\u00e9ger votre site web et vos donn\u00e9es contre les menaces en ligne, y compris les attaques de pirates informatiques.<\/li>\n\n\n\n<li><strong>Optimisation des Performances<\/strong> : Nous nous engageons \u00e0 maintenir la vitesse et l&rsquo;efficacit\u00e9 de votre site web pour offrir une exp\u00e9rience utilisateur optimale.<\/li>\n\n\n\n<li><strong>Assistance Technique<\/strong> : Notre \u00e9quipe de support technique est \u00e0 votre disposition pour r\u00e9pondre \u00e0 vos questions et r\u00e9soudre vos probl\u00e8mes en un temps record.<\/li>\n<\/ol>\n\n\n<div class=\"wp-block-image is-style-rounded\">\n<figure class=\"aligncenter size-full\"><img fetchpriority=\"high\" decoding=\"async\" width=\"627\" height=\"418\" src=\"https:\/\/needconsulting-dz.com\/wp-content\/uploads\/2023\/11\/Sans-titreJ.jpg\" alt=\"\" class=\"wp-image-56\" srcset=\"https:\/\/needconsulting-dz.com\/wp-content\/uploads\/2023\/11\/Sans-titreJ.jpg 627w, https:\/\/needconsulting-dz.com\/wp-content\/uploads\/2023\/11\/Sans-titreJ-300x200.jpg 300w\" sizes=\"(max-width: 627px) 100vw, 627px\" \/><\/figure>\n<\/div>","protected":false},"excerpt":{"rendered":"<p>Sites Web et d&rsquo;H\u00e9bergement Web<\/p>\n","protected":false},"author":1,"featured_media":56,"parent":0,"menu_order":0,"comment_status":"closed","ping_status":"closed","template":"","meta":{"footnotes":""},"class_list":["post-34","page","type-page","status-publish","has-post-thumbnail","hentry"],"_links":{"self":[{"href":"https:\/\/needconsulting-dz.com\/index.php\/wp-json\/wp\/v2\/pages\/34","targetHints":{"allow":["GET"]}}],"collection":[{"href":"https:\/\/needconsulting-dz.com\/index.php\/wp-json\/wp\/v2\/pages"}],"about":[{"href":"https:\/\/needconsulting-dz.com\/index.php\/wp-json\/wp\/v2\/types\/page"}],"author":[{"embeddable":true,"href":"https:\/\/needconsulting-dz.com\/index.php\/wp-json\/wp\/v2\/users\/1"}],"replies":[{"embeddable":true,"href":"https:\/\/needconsulting-dz.com\/index.php\/wp-json\/wp\/v2\/comments?post=34"}],"version-history":[{"count":4,"href":"https:\/\/needconsulting-dz.com\/index.php\/wp-json\/wp\/v2\/pages\/34\/revisions"}],"predecessor-version":[{"id":79,"href":"https:\/\/needconsulting-dz.com\/index.php\/wp-json\/wp\/v2\/pages\/34\/revisions\/79"}],"wp:featuredmedia":[{"embeddable":true,"href":"https:\/\/needconsulting-dz.com\/index.php\/wp-json\/wp\/v2\/media\/56"}],"wp:attachment":[{"href":"https:\/\/needconsulting-dz.com\/index.php\/wp-json\/wp\/v2\/media?parent=34"}],"curies":[{"name":"wp","href":"https:\/\/api.w.org\/{rel}","templated":true}]}}