{"id":2,"date":"2023-05-29T12:14:07","date_gmt":"2023-05-29T12:14:07","guid":{"rendered":"https:\/\/needconsulting-dz.com\/?page_id=2"},"modified":"2025-11-02T18:45:45","modified_gmt":"2025-11-02T18:45:45","slug":"sample-page","status":"publish","type":"page","link":"https:\/\/needconsulting-dz.com\/","title":{"rendered":"Needconsulting"},"content":{"rendered":"\n<p>Notre entreprise, implant\u00e9e \u00e0 Zeralda Alger, est sp\u00e9cialis\u00e9e dans la gestion d\u2019information et Support Informatique.<br>Dans ce cadre d\u2019activit\u00e9s, elle s\u2019occupe de g\u00e9r\u00e9e les structure informatique (infog\u00e9rance) au sein des entreprises.<br>Support informatique, audits informatique, installation r\u00e9seau, fourniture et installation mat\u00e9riel, s\u00e9curit\u00e9, administration r\u00e9seau, solutions des sauvegardes\u2026.<br>Notre objective et de satisfaire le client, prix et service.<br>On propose \u00e0 nous client des interventions mensuelle fix\u00e9 au besoin de notre client et aussi des interventions on extras \u00e0 un prix raisonnable.<br>Nos services ont par cons\u00e9quent pu acqu\u00e9rir l\u2019exp\u00e9rience et la comp\u00e9tence pour \u00e9tudier, planifier, estimer les besoins informatiques et vous transmettre un devis en 48 heures.<br>A cet effet, nous nous tenons \u00e0 votre disposition pour mener toute op\u00e9ration que vous choisiriez de nous confier.<br>Dans l\u2019espoir que la qualit\u00e9 de nos services retienne votre attention, nous vous prions de croire, cher Monsieur, en l\u2019assurance de nos sentiments les plus d\u00e9vou\u00e9s.<\/p>\n\n\n\n<p>\u00ab\u00a0Needconsulting votre partenaire informatique on pr\u00e9sente des services informatique li\u00e9s au besoin de nos clients avec des prix imbattables sur le march\u00e9 alg\u00e9rien on propose a nos clients d\u2019externalis\u00e9s leurs services informatique des interventions mensuelles selon-vous besoin, audits informatique, installation r\u00e9seau, fourniture et installation mat\u00e9riel, support informatique\u2026 des ing\u00e9nieure informatique avec une exp\u00e9rience de 15ans dans le domaine met \u00e0 votre services a l\u2019\u00e9coute et acquiert les besoins de nos clients.\u00a0\u00bb<\/p>\n\n\n\n<p><strong>Avantages de Travailler Avec Nous<\/strong><\/p>\n\n\n\n<ul class=\"wp-block-list\">\n<li>Expertise Technique : Notre \u00e9quipe est compos\u00e9e d&rsquo;experts en infog\u00e9rance informatique dot\u00e9s de nombreuses ann\u00e9es d&rsquo;exp\u00e9rience.<\/li>\n\n\n\n<li>Flexibilit\u00e9 : Nous adaptons nos services \u00e0 vos besoins sp\u00e9cifiques, quelle que soit la taille de votre entreprise.<\/li>\n\n\n\n<li>Co\u00fbt-Efficacit\u00e9 : Nos solutions d&rsquo;infog\u00e9rance vous permettent de r\u00e9duire les co\u00fbts li\u00e9s \u00e0 la gestion interne de votre informatique.<\/li>\n\n\n\n<li>S\u00e9r\u00e9nit\u00e9 : En nous confiant la gestion de vos syst\u00e8mes informatiques, vous pouvez vous concentrer sur votre c\u0153ur de m\u00e9tier en toute tranquillit\u00e9.<\/li>\n\n\n\n<li>Partenariat \u00e0 Long Terme : Nous b\u00e2tissons des relations \u00e0 long terme avec nos clients, en \u00e9voluant avec eux et en les aidant \u00e0 rester comp\u00e9titifs.<\/li>\n\n\n\n<li>Contactez-nous aujourd&rsquo;hui pour discuter de vos besoins en infog\u00e9rance informatique. Nous serions ravis de vous fournir une solution sur mesure qui r\u00e9pond \u00e0 vos objectifs et \u00e0 votre budget.<\/li>\n<\/ul>\n\n\n<div class=\"wp-block-image\">\n<figure class=\"aligncenter size-full\"><img fetchpriority=\"high\" decoding=\"async\" width=\"275\" height=\"183\" src=\"https:\/\/needconsulting-dz.com\/wp-content\/uploads\/2024\/03\/telechargement-1KKK.jpg\" alt=\"\" class=\"wp-image-69\"\/><\/figure>\n<\/div>\n\n\n<h2 class=\"wp-block-heading\"><\/h2>\n\n\n\n<div class=\"wp-block-group alignfull has-text-color has-background\" style=\"color:#000000;background-color:#ffffff\"><div class=\"wp-block-group__inner-container is-layout-flow wp-block-group-is-layout-flow\">\n<div style=\"height:64px\" aria-hidden=\"true\" class=\"wp-block-spacer\"><\/div>\n\n\n\n<p class=\"has-text-align-center has-small-font-size\" style=\"line-height:.9\"><\/p>\n\n\n\n<h2 class=\"wp-block-heading has-text-align-center\" id=\"schedule-a-visit\" style=\"font-size:59px;line-height:1.15\"><strong>Contactez-nous<\/strong><\/h2>\n\n\n\n<div class=\"wp-block-buttons is-horizontal is-content-justification-center is-layout-flex wp-container-core-buttons-is-layout-499968f5 wp-block-buttons-is-layout-flex\">\n<div class=\"wp-block-button has-custom-width wp-block-button__width-50\"><a class=\"wp-block-button__link has-text-color has-background wp-element-button\" style=\"border-radius:50px;color:#ffffff;background-color:#000000\">Contact <\/a><\/div>\n<\/div>\n\n\n\n<div style=\"height:64px\" aria-hidden=\"true\" class=\"wp-block-spacer\"><\/div>\n<\/div><\/div>\n\n\n\n<p><\/p>\n","protected":false},"excerpt":{"rendered":"<p>Notre entreprise, implant\u00e9e \u00e0 Zeralda Alger, est sp\u00e9cialis\u00e9e dans la gestion d\u2019information et Support Informatique.Dans ce cadre d\u2019activit\u00e9s, elle s\u2019occupe de g\u00e9r\u00e9e les structure informatique (infog\u00e9rance) au sein des entreprises.Support informatique, audits informatique, installation r\u00e9seau, fourniture et installation mat\u00e9riel, s\u00e9curit\u00e9, administration r\u00e9seau, solutions des sauvegardes\u2026.Notre objective et de satisfaire le client, prix et service.On propose [&hellip;]<\/p>\n","protected":false},"author":1,"featured_media":0,"parent":0,"menu_order":0,"comment_status":"closed","ping_status":"open","template":"","meta":{"footnotes":""},"class_list":["post-2","page","type-page","status-publish","hentry"],"_links":{"self":[{"href":"https:\/\/needconsulting-dz.com\/index.php\/wp-json\/wp\/v2\/pages\/2","targetHints":{"allow":["GET"]}}],"collection":[{"href":"https:\/\/needconsulting-dz.com\/index.php\/wp-json\/wp\/v2\/pages"}],"about":[{"href":"https:\/\/needconsulting-dz.com\/index.php\/wp-json\/wp\/v2\/types\/page"}],"author":[{"embeddable":true,"href":"https:\/\/needconsulting-dz.com\/index.php\/wp-json\/wp\/v2\/users\/1"}],"replies":[{"embeddable":true,"href":"https:\/\/needconsulting-dz.com\/index.php\/wp-json\/wp\/v2\/comments?post=2"}],"version-history":[{"count":7,"href":"https:\/\/needconsulting-dz.com\/index.php\/wp-json\/wp\/v2\/pages\/2\/revisions"}],"predecessor-version":[{"id":158,"href":"https:\/\/needconsulting-dz.com\/index.php\/wp-json\/wp\/v2\/pages\/2\/revisions\/158"}],"wp:attachment":[{"href":"https:\/\/needconsulting-dz.com\/index.php\/wp-json\/wp\/v2\/media?parent=2"}],"curies":[{"name":"wp","href":"https:\/\/api.w.org\/{rel}","templated":true}]}}